{"id":233,"date":"2024-12-25T21:34:05","date_gmt":"2024-12-25T21:34:05","guid":{"rendered":"https:\/\/www.lakiakatemia.fi\/?page_id=233"},"modified":"2025-11-25T15:01:27","modified_gmt":"2025-11-25T15:01:27","slug":"lakipalvelut","status":"publish","type":"page","link":"https:\/\/www.kavasto.fi\/?page_id=233","title":{"rendered":"Palvelut"},"content":{"rendered":"<p>[et_pb_section fb_built=&#8221;1&#8243; admin_label=&#8221;Header&#8221; _builder_version=&#8221;4.20.0&#8243; _module_preset=&#8221;default&#8221; use_background_color_gradient=&#8221;on&#8221; background_color_gradient_stops=&#8221;rgba(31,35,44,0.7) 0%|gcid-9fa4a1b6-767d-41ca-984c-a6f10449c843 100%&#8221; background_color_gradient_overlays_image=&#8221;on&#8221; background_image=&#8221;http:\/\/www.kavasto.fi\/wp-content\/uploads\/2024\/12\/attorney-20.jpg&#8221; background_position=&#8221;top_center&#8221; custom_padding=&#8221;||||false|false&#8221; locked=&#8221;off&#8221; collapsed=&#8221;on&#8221; global_colors_info=&#8221;{%22gcid-9fa4a1b6-767d-41ca-984c-a6f10449c843%22:%91%22background_color_gradient_stops%22%93}&#8221;][et_pb_row _builder_version=&#8221;4.20.0&#8243; _module_preset=&#8221;default&#8221; global_colors_info=&#8221;{}&#8221;][et_pb_column type=&#8221;4_4&#8243; _builder_version=&#8221;4.20.0&#8243; _module_preset=&#8221;default&#8221; global_colors_info=&#8221;{}&#8221;][et_pb_text _builder_version=&#8221;4.27.4&#8243; _module_preset=&#8221;181ee2f4-6adc-4fb5-bd65-05c24bf8480f&#8221; header_4_text_color=&#8221;#E0DAD2&#8243; text_orientation=&#8221;center&#8221; custom_margin=&#8221;||10px||false|false&#8221; global_colors_info=&#8221;{}&#8221;]<\/p>\n<h4>Asianajotoimisto Kavasto<\/h4>\n<p>[\/et_pb_text][et_pb_image src=&#8221;http:\/\/www.kavasto.fi\/wp-content\/uploads\/2024\/12\/attorney-1.png&#8221; title_text=&#8221;attorney-1&#8243; _builder_version=&#8221;4.20.0&#8243; _module_preset=&#8221;default&#8221; max_width=&#8221;130px&#8221; module_alignment=&#8221;center&#8221; global_colors_info=&#8221;{}&#8221;][\/et_pb_image][et_pb_text _builder_version=&#8221;4.27.4&#8243; _module_preset=&#8221;38a544cc-75bd-4b61-9dd7-d8a5a6b3cb4d&#8221; text_font=&#8221;&#8211;et_global_heading_font||||||||&#8221; header_font=&#8221;&#8211;et_global_heading_font||||||||&#8221; header_text_color=&#8221;gcid-11d3dbbb-f6dc-4fb8-929b-9d6994368d00&#8243; text_orientation=&#8221;center&#8221; global_colors_info=&#8221;{%22gcid-11d3dbbb-f6dc-4fb8-929b-9d6994368d00%22:%91%22header_text_color%22%93}&#8221;]<\/p>\n<h1>Palvelumme<\/h1>\n<p>[\/et_pb_text][\/et_pb_column][\/et_pb_row][\/et_pb_section][et_pb_section fb_built=&#8221;1&#8243; admin_label=&#8221;Services&#8221; _builder_version=&#8221;4.20.0&#8243; _module_preset=&#8221;default&#8221; background_color=&#8221;gcid-9fa4a1b6-767d-41ca-984c-a6f10449c843&#8243; collapsed=&#8221;on&#8221; global_colors_info=&#8221;{%22gcid-9fa4a1b6-767d-41ca-984c-a6f10449c843%22:%91%22background_color%22%93}&#8221;][et_pb_row make_equal=&#8221;on&#8221; _builder_version=&#8221;4.27.4&#8243; _module_preset=&#8221;default&#8221; locked=&#8221;off&#8221; global_colors_info=&#8221;{}&#8221;][et_pb_column type=&#8221;4_4&#8243; _builder_version=&#8221;4.20.0&#8243; _module_preset=&#8221;default&#8221; use_background_color_gradient=&#8221;on&#8221; background_color_gradient_stops=&#8221;rgba(202,182,161,0.9) 0%|rgba(202,182,161,0.9) 100%&#8221; background_color_gradient_overlays_image=&#8221;on&#8221; background_image=&#8221;http:\/\/www.kavasto.fi\/wp-content\/uploads\/2024\/12\/paper-texture.jpg&#8221; custom_padding=&#8221;60px|30px|60px|30px|true|true&#8221; custom_padding_tablet=&#8221;40px||40px||true|false&#8221; custom_padding_phone=&#8221;30px|20px|30px|20px|true|true&#8221; custom_padding_last_edited=&#8221;on|desktop&#8221; global_colors_info=&#8221;{}&#8221;][et_pb_image src=&#8221;http:\/\/www.kavasto.fi\/wp-content\/uploads\/2024\/12\/attorney-2.png&#8221; title_text=&#8221;attorney-2&#8243; _builder_version=&#8221;4.20.0&#8243; _module_preset=&#8221;default&#8221; max_width=&#8221;130px&#8221; module_alignment=&#8221;center&#8221; global_colors_info=&#8221;{}&#8221;][\/et_pb_image][et_pb_text _builder_version=&#8221;4.27.4&#8243; _module_preset=&#8221;f48e8717-1aa6-4120-8161-3f768ee346b6&#8243; header_font=&#8221;&#8211;et_global_heading_font||||||||&#8221; header_2_font=&#8221;&#8211;et_global_heading_font||||||||&#8221; header_3_font=&#8221;&#8211;et_global_heading_font|700||on|||||&#8221; text_orientation=&#8221;center&#8221; global_colors_info=&#8221;{}&#8221;]<\/p>\n<h3>oikeudenk\u00e4ynnit ja rikosoikeus<\/h3>\n<p>[\/et_pb_text][et_pb_text _builder_version=&#8221;4.27.4&#8243; _module_preset=&#8221;fbd45408-1528-45ff-9c7f-ece156c22e47&#8243; text_text_color=&#8221;#000000&#8243; text_orientation=&#8221;center&#8221; global_colors_info=&#8221;{}&#8221;]<\/p>\n<p><span style=\"font-weight: 400;\">Rikosoikeus on osaamisemme ydinaluetta. Ty\u00f6skentelemme asianomistajien avustajana, sek\u00e4 rikoksesta ep\u00e4illyn avustajana tai puolustajana esitutkinnassa ja oikeudenk\u00e4ynniss\u00e4 prosessin alusta loppuun. Haemme puolestasi oikeusavun taikka oikeusturvan ja selvit\u00e4mme oikeutesi vahingonkorvaukseen, sek\u00e4 mahdolliseen korvaukseen oikeudenk\u00e4ynnin viiv\u00e4stymisen johdosta.<\/span><\/p>\n<p>[\/et_pb_text][et_pb_image src=&#8221;http:\/\/www.kavasto.fi\/wp-content\/uploads\/2024\/12\/attorney-2.png&#8221; title_text=&#8221;attorney-2&#8243; _builder_version=&#8221;4.20.0&#8243; _module_preset=&#8221;default&#8221; max_width=&#8221;130px&#8221; module_alignment=&#8221;center&#8221; global_colors_info=&#8221;{}&#8221;][\/et_pb_image][et_pb_text _builder_version=&#8221;4.27.4&#8243; _module_preset=&#8221;f48e8717-1aa6-4120-8161-3f768ee346b6&#8243; header_font=&#8221;&#8211;et_global_heading_font||||||||&#8221; header_2_font=&#8221;&#8211;et_global_heading_font||||||||&#8221; header_3_font=&#8221;&#8211;et_global_heading_font|700||on|||||&#8221; text_orientation=&#8221;center&#8221; global_colors_info=&#8221;{}&#8221;]<\/p>\n<h3>Perhe- ja perint\u00f6ikeus<\/h3>\n<p>[\/et_pb_text][et_pb_text _builder_version=&#8221;4.27.4&#8243; _module_preset=&#8221;fbd45408-1528-45ff-9c7f-ece156c22e47&#8243; text_text_color=&#8221;#000000&#8243; text_orientation=&#8221;center&#8221; global_colors_info=&#8221;{}&#8221;]<\/p>\n<p>Asianajotoimistoltamme saat avioehtosopimukset, edunvalvontavaltuutukset ja testamentit. Asianajamme laativat asiakirjat huolellisesti ja ovat apunasi herkk\u00e4luontoisissa perheisiin liittyviss\u00e4 oikeudellisissa asioissa. Saat meilt\u00e4 luotettavan asianajajan rinnallesi erilaisissa perhesuhteiden muutostilanteissa, jotka vaativat sopimuksia esimerkiksi omaisuuden jaosta, lasten huollosta tai tapaamisoikeudesta. Tarjoamme kokonaisvaltaiset palvelut kuolinpes\u00e4n asioiden hoitamiseen aina perunkirjoituksesta perinn\u00f6njakoon asti. Toimimme pes\u00e4nselvitt\u00e4j\u00e4n\u00e4 sek\u00e4 pes\u00e4njakajana ja avustamme my\u00f6s perhe- ja perint\u00f6oikeuteen liittyviss\u00e4 oikeudenk\u00e4ynneiss\u00e4. Hoidamme lasten asioita erosta tuomioistuimen ratkaisuun asti.<\/p>\n<p>[\/et_pb_text][et_pb_image src=&#8221;http:\/\/www.kavasto.fi\/wp-content\/uploads\/2024\/12\/attorney-2.png&#8221; title_text=&#8221;attorney-2&#8243; _builder_version=&#8221;4.20.0&#8243; _module_preset=&#8221;default&#8221; max_width=&#8221;130px&#8221; module_alignment=&#8221;center&#8221; global_colors_info=&#8221;{}&#8221;][\/et_pb_image][et_pb_text _builder_version=&#8221;4.27.4&#8243; _module_preset=&#8221;f48e8717-1aa6-4120-8161-3f768ee346b6&#8243; header_font=&#8221;&#8211;et_global_heading_font||||||||&#8221; header_2_font=&#8221;&#8211;et_global_heading_font||||||||&#8221; header_3_font=&#8221;&#8211;et_global_heading_font|700||on|||||&#8221; text_orientation=&#8221;center&#8221; global_colors_info=&#8221;{}&#8221;]<\/p>\n<h3><b>Sopimus- ja vahingonkorvausoikeus, riidat<\/b><\/h3>\n<p>[\/et_pb_text][et_pb_text _builder_version=&#8221;4.27.4&#8243; _module_preset=&#8221;fbd45408-1528-45ff-9c7f-ece156c22e47&#8243; text_text_color=&#8221;#000000&#8243; text_orientation=&#8221;center&#8221; global_colors_info=&#8221;{}&#8221;]<\/p>\n<p><span style=\"font-weight: 400;\">Asianajotoimistomme laatii kaikki tarvittavat sopimukset yksityishenkil\u00f6ille sek\u00e4 eri alojen pk-yrityksille. Korostamme aina sopimuksenteon j\u00e4rkevyytt\u00e4 ja autamme asiakasta ymm\u00e4rt\u00e4m\u00e4\u00e4n sopimuksen kaikki yksityiskohdat. Palvelemme erilaisissa henkil\u00f6- ja esinevahinkoihin liittyviss\u00e4 toimeksiannoissa sek\u00e4 vahinkoa k\u00e4rsineiden ett\u00e4 vahingon aiheuttajien puolesta. Selvit\u00e4mme lis\u00e4ksi sopimusten tulkinnasta syntyneit\u00e4 riitatilanteita.<\/span><\/p>\n<p>[\/et_pb_text][\/et_pb_column][\/et_pb_row][\/et_pb_section][et_pb_section fb_built=&#8221;1&#8243; admin_label=&#8221;Footer&#8221; _builder_version=&#8221;4.20.0&#8243; _module_preset=&#8221;default&#8221; use_background_color_gradient=&#8221;on&#8221; background_color_gradient_stops=&#8221;#1e232b 0%|rgba(30,35,43,0.9) 100%&#8221; background_color_gradient_overlays_image=&#8221;on&#8221; background_image=&#8221;http:\/\/www.kavasto.fi\/wp-content\/uploads\/2024\/12\/paper-texture.jpg&#8221; saved_tabs=&#8221;all&#8221; collapsed=&#8221;off&#8221; global_colors_info=&#8221;{}&#8221; theme_builder_area=&#8221;post_content&#8221;][et_pb_row column_structure=&#8221;1_3,1_3,1_3&#8243; _builder_version=&#8221;4.20.0&#8243; _module_preset=&#8221;default&#8221; global_colors_info=&#8221;{}&#8221; theme_builder_area=&#8221;post_content&#8221;][et_pb_column type=&#8221;1_3&#8243; _builder_version=&#8221;4.20.0&#8243; _module_preset=&#8221;default&#8221; global_colors_info=&#8221;{}&#8221; theme_builder_area=&#8221;post_content&#8221;][et_pb_text _builder_version=&#8221;4.27.4&#8243; _module_preset=&#8221;181848da-3652-4716-b3ed-b176469aa9d8&#8243; text_orientation=&#8221;center&#8221; custom_margin=&#8221;||-1px||false|false&#8221; global_colors_info=&#8221;{%22gcid-11d3dbbb-f6dc-4fb8-929b-9d6994368d00%22:%91%22header_4_text_color%22%93}&#8221; theme_builder_area=&#8221;post_content&#8221;]<\/p>\n<h4>Aukioloajat<\/h4>\n<p>[\/et_pb_text][et_pb_text _builder_version=&#8221;4.27.4&#8243; _module_preset=&#8221;82127a84-4358-4910-b01e-2c278d41dfdd&#8221; text_text_color=&#8221;#FFFFFF&#8221; text_orientation=&#8221;center&#8221; custom_margin=&#8221;||10px||false|false&#8221; global_colors_info=&#8221;{}&#8221; theme_builder_area=&#8221;post_content&#8221;]<\/p>\n<p>Ma-Pe klo 9-17<\/p>\n<p>[\/et_pb_text][et_pb_text _builder_version=&#8221;4.27.4&#8243; _module_preset=&#8221;82127a84-4358-4910-b01e-2c278d41dfdd&#8221; text_text_color=&#8221;#FFFFFF&#8221; text_orientation=&#8221;center&#8221; custom_margin=&#8221;||10px||false|false&#8221; global_colors_info=&#8221;{}&#8221; theme_builder_area=&#8221;post_content&#8221;]<\/p>\n<p>Varmista aina puhelimitse ett\u00e4 olemme paikalla. Toimistolla ei ole p\u00e4ivystyst\u00e4.<\/p>\n<p>[\/et_pb_text][et_pb_text _builder_version=&#8221;4.27.4&#8243; _module_preset=&#8221;181848da-3652-4716-b3ed-b176469aa9d8&#8243; text_orientation=&#8221;center&#8221; custom_margin=&#8221;||-1px||false|false&#8221; global_colors_info=&#8221;{%22gcid-11d3dbbb-f6dc-4fb8-929b-9d6994368d00%22:%91%22header_4_text_color%22%93}&#8221; theme_builder_area=&#8221;post_content&#8221;]<\/p>\n<h4>Turvaposti<\/h4>\n<p>[\/et_pb_text][et_pb_text _builder_version=&#8221;4.27.4&#8243; _module_preset=&#8221;82127a84-4358-4910-b01e-2c278d41dfdd&#8221; text_text_color=&#8221;#FFFFFF&#8221; text_orientation=&#8221;center&#8221; custom_margin=&#8221;||10px||false|false&#8221; global_colors_info=&#8221;{}&#8221; theme_builder_area=&#8221;post_content&#8221;]<\/p>\n<p>L\u00e4het\u00e4 meille suojattu s\u00e4hk\u00f6posti<br \/><span style=\"text-decoration: underline;\"><span style=\"color: #ffffff;\"><a href=\"https:\/\/www.turvaposti.fi\/viesti\/toimisto@kavasto.fi\" target=\"_blank\" rel=\"noopener\" style=\"color: #ffffff; text-decoration: underline;\">t\u00e4st\u00e4 linkist\u00e4.<\/a><\/span><\/span><\/p>\n<p>[\/et_pb_text][\/et_pb_column][et_pb_column type=&#8221;1_3&#8243; _builder_version=&#8221;4.20.0&#8243; _module_preset=&#8221;default&#8221; global_colors_info=&#8221;{}&#8221; theme_builder_area=&#8221;post_content&#8221;][et_pb_image src=&#8221;http:\/\/www.kavasto.fi\/wp-content\/uploads\/2024\/12\/kavasto_logo_NEGA.png&#8221; title_text=&#8221;Kavasto&#8221; align=&#8221;center&#8221; _builder_version=&#8221;4.27.4&#8243; _module_preset=&#8221;default&#8221; max_height=&#8221;80px&#8221; global_colors_info=&#8221;{}&#8221; theme_builder_area=&#8221;post_content&#8221;][\/et_pb_image][\/et_pb_column][et_pb_column type=&#8221;1_3&#8243; _builder_version=&#8221;4.20.0&#8243; _module_preset=&#8221;default&#8221; global_colors_info=&#8221;{}&#8221; theme_builder_area=&#8221;post_content&#8221;][et_pb_text _builder_version=&#8221;4.27.4&#8243; _module_preset=&#8221;181848da-3652-4716-b3ed-b176469aa9d8&#8243; text_orientation=&#8221;center&#8221; custom_margin=&#8221;||-1px||false|false&#8221; locked=&#8221;off&#8221; global_colors_info=&#8221;{%22gcid-11d3dbbb-f6dc-4fb8-929b-9d6994368d00%22:%91%22header_4_text_color%22%93}&#8221; theme_builder_area=&#8221;post_content&#8221;]<\/p>\n<h4>osoite<\/h4>\n<p>[\/et_pb_text][et_pb_text _builder_version=&#8221;4.27.4&#8243; _module_preset=&#8221;82127a84-4358-4910-b01e-2c278d41dfdd&#8221; text_text_color=&#8221;#FFFFFF&#8221; link_text_color=&#8221;#FFFFFF&#8221; text_orientation=&#8221;center&#8221; locked=&#8221;off&#8221; global_colors_info=&#8221;{}&#8221; theme_builder_area=&#8221;post_content&#8221;]<\/p>\n<p>Kauppakeskus Itis<\/p>\n<p><span style=\"font-weight: 400;\">It\u00e4katu 1-7, 00930 Helsinki<\/span><\/p>\n<p><span style=\"font-weight: 400;\">Bulevardin toimistohotellit<\/span><\/p>\n<p>[\/et_pb_text][et_pb_text _builder_version=&#8221;4.27.4&#8243; _module_preset=&#8221;82127a84-4358-4910-b01e-2c278d41dfdd&#8221; text_text_color=&#8221;#FFFFFF&#8221; link_text_color=&#8221;#FFFFFF&#8221; text_orientation=&#8221;center&#8221; custom_margin=&#8221;||10px||false|false&#8221; locked=&#8221;off&#8221; global_colors_info=&#8221;{}&#8221; theme_builder_area=&#8221;post_content&#8221;]<\/p>\n<p><a data-dtype=\"d3ph\" data-local-attribute=\"d3ph\" jscontroller=\"LWZElb\" href=\"https:\/\/www.google.com\/search?q=asianajotoimisto+kavasto&amp;oq=asianajotoimisto+kavasto&amp;gs_lcrp=EgZjaHJvbWUqCggAEAAY4wIYgAQyCggAEAAY4wIYgAQyDQgBEC4YrwEYxwEYgAQyCggCEAAYgAQYogQyCggDEAAYgAQYogQyBwgEEAAY7wUyBggFEEUYPTIGCAYQRRg8MgYIBxBFGEHSAQgyNDY1ajBqN6gCALACAA&amp;sourceid=chrome&amp;ie=UTF-8#\" jsdata=\"QKGTRc;_;ABLc8o\" jsaction=\"rcuQ6b:npT2md;F75qrd\" data-ved=\"2ahUKEwiIp-HvvsWKAxVPLRAIHT1xBpAQkAgoAHoECCoQAg\"><span aria-label=\"Soita numeroon 040 6744434\">Puhelin 040 6744434<\/span><\/a><\/p>\n<p>[\/et_pb_text][et_pb_text _builder_version=&#8221;4.27.4&#8243; _module_preset=&#8221;82127a84-4358-4910-b01e-2c278d41dfdd&#8221; text_text_color=&#8221;#FFFFFF&#8221; link_text_color=&#8221;#FFFFFF&#8221; text_orientation=&#8221;center&#8221; custom_margin=&#8221;||10px||false|false&#8221; locked=&#8221;off&#8221; global_colors_info=&#8221;{}&#8221; theme_builder_area=&#8221;post_content&#8221;]<\/p>\n<p>toimisto@kavasto.fi<\/p>\n<p>[\/et_pb_text][\/et_pb_column][\/et_pb_row][et_pb_row _builder_version=&#8221;4.20.0&#8243; _module_preset=&#8221;default&#8221; custom_padding=&#8221;0px||0px||true|&#8221; global_colors_info=&#8221;{}&#8221; theme_builder_area=&#8221;post_content&#8221;][et_pb_column type=&#8221;4_4&#8243; _builder_version=&#8221;4.20.0&#8243; _module_preset=&#8221;default&#8221; global_colors_info=&#8221;{}&#8221; theme_builder_area=&#8221;post_content&#8221;][et_pb_social_media_follow icon_color=&#8221;#000000&#8243; _builder_version=&#8221;4.27.4&#8243; _module_preset=&#8221;default&#8221; text_orientation=&#8221;center&#8221; custom_margin=&#8221;||||false|false&#8221; border_radii=&#8221;on|100px|100px|100px|100px&#8221; locked=&#8221;off&#8221; global_colors_info=&#8221;{}&#8221; theme_builder_area=&#8221;post_content&#8221;][et_pb_social_media_follow_network social_network=&#8221;facebook&#8221; url=&#8221;https:\/\/www.facebook.com\/aakavasto&#8221; _builder_version=&#8221;4.27.4&#8243; _module_preset=&#8221;default&#8221; background_color=&#8221;gcid-11d3dbbb-f6dc-4fb8-929b-9d6994368d00&#8243; background_enable_color=&#8221;on&#8221; custom_padding=&#8221;8px|8px|8px|8px|true|true&#8221; global_colors_info=&#8221;{%22gcid-11d3dbbb-f6dc-4fb8-929b-9d6994368d00%22:%91%22background_color%22%93}&#8221; theme_builder_area=&#8221;post_content&#8221; follow_button=&#8221;off&#8221; url_new_window=&#8221;on&#8221;]facebook[\/et_pb_social_media_follow_network][et_pb_social_media_follow_network social_network=&#8221;instagram&#8221; url=&#8221;https:\/\/www.instagram.com\/asianajaja_kavasto\/&#8221; _builder_version=&#8221;4.27.4&#8243; _module_preset=&#8221;default&#8221; background_color=&#8221;gcid-11d3dbbb-f6dc-4fb8-929b-9d6994368d00&#8243; background_enable_color=&#8221;on&#8221; custom_padding=&#8221;8px|8px|8px|8px|true|true&#8221; global_colors_info=&#8221;{%22gcid-11d3dbbb-f6dc-4fb8-929b-9d6994368d00%22:%91%22background_color%22%93}&#8221; theme_builder_area=&#8221;post_content&#8221; follow_button=&#8221;off&#8221; url_new_window=&#8221;on&#8221;]instagram[\/et_pb_social_media_follow_network][\/et_pb_social_media_follow][et_pb_divider color=&#8221;gcid-11d3dbbb-f6dc-4fb8-929b-9d6994368d00&#8243; _builder_version=&#8221;4.20.0&#8243; _module_preset=&#8221;default&#8221; custom_margin=&#8221;||0px||false|false&#8221; global_colors_info=&#8221;{%22gcid-11d3dbbb-f6dc-4fb8-929b-9d6994368d00%22:%91%22color%22%93}&#8221; theme_builder_area=&#8221;post_content&#8221;][\/et_pb_divider][et_pb_text _builder_version=&#8221;4.27.4&#8243; _dynamic_attributes=&#8221;content&#8221; _module_preset=&#8221;35c4a4d4-7616-4442-8a81-fad5514fa110&#8243; text_text_color=&#8221;#FFFFFF&#8221; text_orientation=&#8221;center&#8221; locked=&#8221;off&#8221; global_colors_info=&#8221;{}&#8221; theme_builder_area=&#8221;post_content&#8221;]@ET-DC@eyJkeW5hbWljIjp0cnVlLCJjb250ZW50IjoiY3VycmVudF9kYXRlIiwic2V0dGluZ3MiOnsiYmVmb3JlIjoiQ29weXJpZ2h0ICZjb3B5OyAiLCJhZnRlciI6IiBBc2lhbmFqb3RvaW1pc3RvIEthdmFzdG8uIEFsbCBSaWdodHMgUmVzZXJ2ZWQuIiwiZGF0ZV9mb3JtYXQiOiJjdXN0b20iLCJjdXN0b21fZGF0ZV9mb3JtYXQiOiJZIn19@[\/et_pb_text][\/et_pb_column][\/et_pb_row][\/et_pb_section]<\/p>\n","protected":false},"excerpt":{"rendered":"<p>Asianajotoimisto KavastoPalvelummeoikeudenk\u00e4ynnit ja rikosoikeusRikosoikeus on osaamisemme ydinaluetta. Ty\u00f6skentelemme asianomistajien avustajana, sek\u00e4 rikoksesta ep\u00e4illyn avustajana tai puolustajana esitutkinnassa ja oikeudenk\u00e4ynniss\u00e4 prosessin alusta loppuun. Haemme puolestasi oikeusavun taikka oikeusturvan ja selvit\u00e4mme oikeutesi vahingonkorvaukseen, sek\u00e4 mahdolliseen korvaukseen oikeudenk\u00e4ynnin viiv\u00e4stymisen johdosta.Perhe- ja perint\u00f6ikeusAsianajotoimistoltamme saat avioehtosopimukset, edunvalvontavaltuutukset ja testamentit. Asianajamme laativat asiakirjat huolellisesti ja ovat apunasi herkk\u00e4luontoisissa perheisiin liittyviss\u00e4 oikeudellisissa [&hellip;]<\/p>\n","protected":false},"author":1,"featured_media":0,"parent":0,"menu_order":0,"comment_status":"closed","ping_status":"closed","template":"","meta":{"_et_pb_use_builder":"on","_et_pb_old_content":"","_et_gb_content_width":"","footnotes":""},"class_list":["post-233","page","type-page","status-publish","hentry"],"_links":{"self":[{"href":"https:\/\/www.kavasto.fi\/index.php?rest_route=\/wp\/v2\/pages\/233","targetHints":{"allow":["GET"]}}],"collection":[{"href":"https:\/\/www.kavasto.fi\/index.php?rest_route=\/wp\/v2\/pages"}],"about":[{"href":"https:\/\/www.kavasto.fi\/index.php?rest_route=\/wp\/v2\/types\/page"}],"author":[{"embeddable":true,"href":"https:\/\/www.kavasto.fi\/index.php?rest_route=\/wp\/v2\/users\/1"}],"replies":[{"embeddable":true,"href":"https:\/\/www.kavasto.fi\/index.php?rest_route=%2Fwp%2Fv2%2Fcomments&post=233"}],"version-history":[{"count":9,"href":"https:\/\/www.kavasto.fi\/index.php?rest_route=\/wp\/v2\/pages\/233\/revisions"}],"predecessor-version":[{"id":395,"href":"https:\/\/www.kavasto.fi\/index.php?rest_route=\/wp\/v2\/pages\/233\/revisions\/395"}],"wp:attachment":[{"href":"https:\/\/www.kavasto.fi\/index.php?rest_route=%2Fwp%2Fv2%2Fmedia&parent=233"}],"curies":[{"name":"wp","href":"https:\/\/api.w.org\/{rel}","templated":true}]}}