{"id":315,"date":"2024-12-26T15:27:39","date_gmt":"2024-12-26T15:27:39","guid":{"rendered":"https:\/\/www.lakiakatemia.fi\/?page_id=315"},"modified":"2025-11-25T15:04:06","modified_gmt":"2025-11-25T15:04:06","slug":"315-2","status":"publish","type":"page","link":"http:\/\/www.kavasto.fi\/?page_id=315","title":{"rendered":"Palkkioperusteet"},"content":{"rendered":"<p>[et_pb_section fb_built=&#8221;1&#8243; admin_label=&#8221;Header&#8221; _builder_version=&#8221;4.20.0&#8243; _module_preset=&#8221;default&#8221; use_background_color_gradient=&#8221;on&#8221; background_color_gradient_stops=&#8221;rgba(31,35,44,0.7) 0%|gcid-9fa4a1b6-767d-41ca-984c-a6f10449c843 100%&#8221; background_color_gradient_overlays_image=&#8221;on&#8221; background_image=&#8221;http:\/\/www.kavasto.fi\/wp-content\/uploads\/2024\/12\/attorney-21.jpg&#8221; locked=&#8221;off&#8221; collapsed=&#8221;on&#8221; global_colors_info=&#8221;{%22gcid-9fa4a1b6-767d-41ca-984c-a6f10449c843%22:%91%22background_color_gradient_stops%22%93}&#8221;][et_pb_row _builder_version=&#8221;4.20.0&#8243; _module_preset=&#8221;default&#8221; global_colors_info=&#8221;{}&#8221;][et_pb_column type=&#8221;4_4&#8243; _builder_version=&#8221;4.20.0&#8243; _module_preset=&#8221;default&#8221; global_colors_info=&#8221;{}&#8221;][et_pb_text _builder_version=&#8221;4.27.4&#8243; _module_preset=&#8221;6578357a-9d00-4ed9-a638-520bbdff0896&#8243; header_4_text_color=&#8221;gcid-2f3f3e09-0a26-4ea7-8906-5e1128945e3f&#8221; text_orientation=&#8221;center&#8221; global_colors_info=&#8221;{%22gcid-2f3f3e09-0a26-4ea7-8906-5e1128945e3f%22:%91%22header_4_text_color%22%93}&#8221;]<\/p>\n<h4>Asianajotoimisto Kavasto<\/h4>\n<p>[\/et_pb_text][et_pb_image src=&#8221;http:\/\/www.kavasto.fi\/wp-content\/uploads\/2024\/12\/attorney-1.png&#8221; title_text=&#8221;attorney-1&#8243; _builder_version=&#8221;4.20.0&#8243; _module_preset=&#8221;default&#8221; max_width=&#8221;130px&#8221; module_alignment=&#8221;center&#8221; global_colors_info=&#8221;{}&#8221;][\/et_pb_image][et_pb_text _builder_version=&#8221;4.27.4&#8243; _module_preset=&#8221;d30cf8a0-2707-4d1c-93e6-471a5d47a103&#8243; header_font=&#8221;&#8211;et_global_heading_font||||||||&#8221; header_text_color=&#8221;gcid-11d3dbbb-f6dc-4fb8-929b-9d6994368d00&#8243; text_orientation=&#8221;center&#8221; global_colors_info=&#8221;{%22gcid-11d3dbbb-f6dc-4fb8-929b-9d6994368d00%22:%91%22header_text_color%22%93}&#8221;]<\/p>\n<h1>Palkkioperusteet<\/h1>\n<p>[\/et_pb_text][\/et_pb_column][\/et_pb_row][\/et_pb_section][et_pb_section fb_built=&#8221;1&#8243; admin_label=&#8221;Service Info&#8221; _builder_version=&#8221;4.20.0&#8243; _module_preset=&#8221;default&#8221; background_color=&#8221;gcid-9fa4a1b6-767d-41ca-984c-a6f10449c843&#8243; collapsed=&#8221;on&#8221; global_colors_info=&#8221;{%22gcid-9fa4a1b6-767d-41ca-984c-a6f10449c843%22:%91%22background_color%22%93}&#8221;][et_pb_row _builder_version=&#8221;4.27.4&#8243; _module_preset=&#8221;default&#8221; global_colors_info=&#8221;{}&#8221;][et_pb_column type=&#8221;4_4&#8243; _builder_version=&#8221;4.27.4&#8243; _module_preset=&#8221;default&#8221; global_colors_info=&#8221;{}&#8221;][et_pb_text _builder_version=&#8221;4.27.4&#8243; _module_preset=&#8221;default&#8221; text_font=&#8221;&#8211;et_global_body_font||||||||&#8221; text_text_color=&#8221;#FFFFFF&#8221; text_font_size=&#8221;16px&#8221; text_line_height=&#8221;1.5em&#8221; global_colors_info=&#8221;{}&#8221;]<\/p>\n<p style=\"text-align: center;\">Alkuneuvottelu, toimeksiannon kartoittaminen maksimissaan 15 minuuttia puhelimitse 0 \u20ac, aika sovittava erikseen konsultaatiopuhelulle. Lopullinen hinta m\u00e4\u00e4r\u00e4ytyy toimeksiannon laajuuden ja toimenpiteiden m\u00e4\u00e4r\u00e4n mukaisesti. Lis\u00e4ksi asiakkaalta laskutetaan kulut ja rekisterimaksut, esimerkiksi avioehtosopimuksen kohdalla Digi- ja v\u00e4est\u00f6rekisterin maksu, ellei asiakas hoida rekister\u00f6inti\u00e4 itse.<\/p>\n<p>[\/et_pb_text][\/et_pb_column][\/et_pb_row][et_pb_row _builder_version=&#8221;4.27.4&#8243; _module_preset=&#8221;default&#8221; global_colors_info=&#8221;{}&#8221;][et_pb_column type=&#8221;4_4&#8243; _builder_version=&#8221;4.27.4&#8243; _module_preset=&#8221;default&#8221; global_colors_info=&#8221;{}&#8221;][et_pb_pricing_tables _builder_version=&#8221;4.27.4&#8243; _module_preset=&#8221;default&#8221; hover_enabled=&#8221;0&#8243; global_colors_info=&#8221;{}&#8221; sticky_enabled=&#8221;0&#8243;][et_pb_pricing_table title=&#8221;Asianajajan palkkio&#8221; subtitle=&#8221;Hinnat alkaen&#8221; currency=&#8221;(alv 0%)&#8221; sum=&#8221;240 \u20ac&#8221; _builder_version=&#8221;4.27.4&#8243; _module_preset=&#8221;default&#8221; price_font_size=&#8221;67px&#8221; hover_enabled=&#8221;0&#8243; global_colors_info=&#8221;{}&#8221; sticky_transition=&#8221;on&#8221; sticky_enabled=&#8221;0&#8243;]<\/p>\n<p>Asianajajan palkkio yksityishenkil\u00f6ille alkaen 240-260 \u20ac (alv 0%), 301,20-326,60 \u20ac (sis. alv 25,5%).<\/p>\n<p>Palkkio elinkeinonharjoittajan, yhti\u00f6n tai muun toimeksiannosta alkaen 270-300 \u20ac (alv 0%), 338,85 &#8211; 376,50 \u20ac (sis. alv 25,5%)<\/p>\n<p>[\/et_pb_pricing_table][et_pb_pricing_table title=&#8221;Muun avustajan palkkio&#8221; subtitle=&#8221;Hinnat alkaen&#8221; currency=&#8221;(alv 0%)&#8221; sum=&#8221;120 \u20ac&#8221; _builder_version=&#8221;4.27.4&#8243; _module_preset=&#8221;default&#8221; price_font_size=&#8221;67px&#8221; global_colors_info=&#8221;{}&#8221; sticky_transition=&#8221;on&#8221;]<\/p>\n<p>Oikeusnotaarin \/ oikeustieteen yo:n palvelut alkaen 120 \u20ac (alv 0%), 150,6 \u20ac (sis. alv 25,5%).<\/p>\n<p>Avustavan lakimiehen palkkio alkaen 150-200 \u20ac (alv 0%), 188,25-251 \u20ac (sis. alv. 25,5%).<\/p>\n<p>Toimistohenkil\u00f6kunnan teht\u00e4v\u00e4t alk. 50 \u20ac (alv 0%), 62,75 \u20ac (sis. alv 25,5%).<\/p>\n<p>[\/et_pb_pricing_table][et_pb_pricing_table title=&#8221;Asiakirjat&#8221; subtitle=&#8221;Hinnat alkaen&#8221; currency=&#8221;(alv 0%)&#8221; sum=&#8221;250 \u20ac&#8221; _builder_version=&#8221;4.27.4&#8243; _module_preset=&#8221;default&#8221; price_font_size=&#8221;67px&#8221; global_colors_info=&#8221;{}&#8221; sticky_transition=&#8221;on&#8221;]<\/p>\n<p><strong>Perukirja\/perinn\u00f6njakokirja<\/strong>\u00a0750 \u20ac (alv 0%), 941,25 \u20ac (sis. alv 25,5%).<\/p>\n<p><strong>Testamentti<\/strong> 250 \u20ac (alv 0%), 313,75 (sis. alv. 25,5%)<\/p>\n<p><strong>Aviehtosopimus<\/strong> 250 \u20ac (alv 0%), 313,75 (sis. alv. 25,5%)<\/p>\n<p><strong>Ositussopimus<\/strong> 750 \u20ac (alv 0%), 941,25 \u20ac (sis. alv 25,5%).<\/p>\n<p><strong>Edunvalvontavaltuutus<\/strong> 250 \u20ac (alv 0%), 313,75 (sis. alv. 25,5%)<\/p>\n<p>[\/et_pb_pricing_table][\/et_pb_pricing_tables][\/et_pb_column][\/et_pb_row][\/et_pb_section][et_pb_section fb_built=&#8221;1&#8243; admin_label=&#8221;Footer&#8221; _builder_version=&#8221;4.20.0&#8243; _module_preset=&#8221;default&#8221; use_background_color_gradient=&#8221;on&#8221; background_color_gradient_stops=&#8221;#1e232b 0%|rgba(30,35,43,0.9) 100%&#8221; background_color_gradient_overlays_image=&#8221;on&#8221; background_image=&#8221;http:\/\/www.kavasto.fi\/wp-content\/uploads\/2024\/12\/paper-texture.jpg&#8221; saved_tabs=&#8221;all&#8221; collapsed=&#8221;off&#8221; global_colors_info=&#8221;{}&#8221;][et_pb_row column_structure=&#8221;1_3,1_3,1_3&#8243; _builder_version=&#8221;4.20.0&#8243; _module_preset=&#8221;default&#8221; global_colors_info=&#8221;{}&#8221;][et_pb_column type=&#8221;1_3&#8243; _builder_version=&#8221;4.20.0&#8243; _module_preset=&#8221;default&#8221; global_colors_info=&#8221;{}&#8221;][et_pb_text _builder_version=&#8221;4.27.4&#8243; _module_preset=&#8221;181848da-3652-4716-b3ed-b176469aa9d8&#8243; text_orientation=&#8221;center&#8221; custom_margin=&#8221;||-1px||false|false&#8221; global_colors_info=&#8221;{%22gcid-11d3dbbb-f6dc-4fb8-929b-9d6994368d00%22:%91%22header_4_text_color%22%93}&#8221;]<\/p>\n<h4>Aukioloajat<\/h4>\n<p>[\/et_pb_text][et_pb_text _builder_version=&#8221;4.27.4&#8243; _module_preset=&#8221;82127a84-4358-4910-b01e-2c278d41dfdd&#8221; text_text_color=&#8221;#FFFFFF&#8221; text_orientation=&#8221;center&#8221; custom_margin=&#8221;||10px||false|false&#8221; global_colors_info=&#8221;{}&#8221;]<\/p>\n<p>Ma-Pe klo 9-17<\/p>\n<p>[\/et_pb_text][et_pb_text _builder_version=&#8221;4.27.4&#8243; _module_preset=&#8221;82127a84-4358-4910-b01e-2c278d41dfdd&#8221; text_text_color=&#8221;#FFFFFF&#8221; text_orientation=&#8221;center&#8221; custom_margin=&#8221;||10px||false|false&#8221; global_colors_info=&#8221;{}&#8221;]<\/p>\n<p>Varmista aina puhelimitse ett\u00e4 olemme paikalla. Toimistolla ei ole p\u00e4ivystyst\u00e4.<\/p>\n<p>[\/et_pb_text][et_pb_text _builder_version=&#8221;4.27.4&#8243; _module_preset=&#8221;181848da-3652-4716-b3ed-b176469aa9d8&#8243; text_orientation=&#8221;center&#8221; custom_margin=&#8221;||-1px||false|false&#8221; global_colors_info=&#8221;{%22gcid-11d3dbbb-f6dc-4fb8-929b-9d6994368d00%22:%91%22header_4_text_color%22%93}&#8221;]<\/p>\n<h4>Turvaposti<\/h4>\n<p>[\/et_pb_text][et_pb_text _builder_version=&#8221;4.27.4&#8243; _module_preset=&#8221;82127a84-4358-4910-b01e-2c278d41dfdd&#8221; text_text_color=&#8221;#FFFFFF&#8221; text_orientation=&#8221;center&#8221; custom_margin=&#8221;||10px||false|false&#8221; global_colors_info=&#8221;{}&#8221;]<\/p>\n<p>L\u00e4het\u00e4 meille suojattu s\u00e4hk\u00f6posti<br \/><span style=\"text-decoration: underline;\"><span style=\"color: #ffffff;\"><a href=\"https:\/\/www.turvaposti.fi\/viesti\/toimisto@kavasto.fi\" target=\"_blank\" rel=\"noopener\" style=\"color: #ffffff; text-decoration: underline;\">t\u00e4st\u00e4 linkist\u00e4.<\/a><\/span><\/span><\/p>\n<p>[\/et_pb_text][\/et_pb_column][et_pb_column type=&#8221;1_3&#8243; _builder_version=&#8221;4.20.0&#8243; _module_preset=&#8221;default&#8221; global_colors_info=&#8221;{}&#8221;][et_pb_image src=&#8221;http:\/\/www.kavasto.fi\/wp-content\/uploads\/2024\/12\/kavasto_logo_NEGA.png&#8221; title_text=&#8221;Kavasto&#8221; align=&#8221;center&#8221; _builder_version=&#8221;4.27.4&#8243; _module_preset=&#8221;default&#8221; max_height=&#8221;80px&#8221; global_colors_info=&#8221;{}&#8221;][\/et_pb_image][\/et_pb_column][et_pb_column type=&#8221;1_3&#8243; _builder_version=&#8221;4.20.0&#8243; _module_preset=&#8221;default&#8221; global_colors_info=&#8221;{}&#8221;][et_pb_text _builder_version=&#8221;4.27.4&#8243; _module_preset=&#8221;181848da-3652-4716-b3ed-b176469aa9d8&#8243; text_orientation=&#8221;center&#8221; custom_margin=&#8221;||-1px||false|false&#8221; locked=&#8221;off&#8221; global_colors_info=&#8221;{%22gcid-11d3dbbb-f6dc-4fb8-929b-9d6994368d00%22:%91%22header_4_text_color%22%93}&#8221;]<\/p>\n<h4>osoite<\/h4>\n<p>[\/et_pb_text][et_pb_text _builder_version=&#8221;4.27.4&#8243; _module_preset=&#8221;82127a84-4358-4910-b01e-2c278d41dfdd&#8221; text_text_color=&#8221;#FFFFFF&#8221; link_text_color=&#8221;#FFFFFF&#8221; text_orientation=&#8221;center&#8221; locked=&#8221;off&#8221; global_colors_info=&#8221;{}&#8221;]<\/p>\n<p>Kauppakeskus Itis<\/p>\n<p><span style=\"font-weight: 400;\">It\u00e4katu 1-7, 00930 Helsinki<\/span><\/p>\n<p><span style=\"font-weight: 400;\">Bulevardin toimistohotellit<\/span><\/p>\n<p>[\/et_pb_text][et_pb_text _builder_version=&#8221;4.27.4&#8243; _module_preset=&#8221;82127a84-4358-4910-b01e-2c278d41dfdd&#8221; text_text_color=&#8221;#FFFFFF&#8221; link_text_color=&#8221;#FFFFFF&#8221; text_orientation=&#8221;center&#8221; custom_margin=&#8221;||10px||false|false&#8221; locked=&#8221;off&#8221; global_colors_info=&#8221;{}&#8221;]<\/p>\n<p><a data-dtype=\"d3ph\" data-local-attribute=\"d3ph\" jscontroller=\"LWZElb\" href=\"https:\/\/www.google.com\/search?q=asianajotoimisto+kavasto&amp;oq=asianajotoimisto+kavasto&amp;gs_lcrp=EgZjaHJvbWUqCggAEAAY4wIYgAQyCggAEAAY4wIYgAQyDQgBEC4YrwEYxwEYgAQyCggCEAAYgAQYogQyCggDEAAYgAQYogQyBwgEEAAY7wUyBggFEEUYPTIGCAYQRRg8MgYIBxBFGEHSAQgyNDY1ajBqN6gCALACAA&amp;sourceid=chrome&amp;ie=UTF-8#\" jsdata=\"QKGTRc;_;ABLc8o\" jsaction=\"rcuQ6b:npT2md;F75qrd\" data-ved=\"2ahUKEwiIp-HvvsWKAxVPLRAIHT1xBpAQkAgoAHoECCoQAg\"><span aria-label=\"Soita numeroon 040 6744434\">Puhelin 040 6744434<\/span><\/a><\/p>\n<p>[\/et_pb_text][et_pb_text _builder_version=&#8221;4.27.4&#8243; _module_preset=&#8221;82127a84-4358-4910-b01e-2c278d41dfdd&#8221; text_text_color=&#8221;#FFFFFF&#8221; link_text_color=&#8221;#FFFFFF&#8221; text_orientation=&#8221;center&#8221; custom_margin=&#8221;||10px||false|false&#8221; locked=&#8221;off&#8221; global_colors_info=&#8221;{}&#8221;]<\/p>\n<p>toimisto@kavasto.fi<\/p>\n<p>[\/et_pb_text][\/et_pb_column][\/et_pb_row][et_pb_row _builder_version=&#8221;4.20.0&#8243; _module_preset=&#8221;default&#8221; custom_padding=&#8221;0px||0px||true|&#8221; global_colors_info=&#8221;{}&#8221;][et_pb_column type=&#8221;4_4&#8243; _builder_version=&#8221;4.20.0&#8243; _module_preset=&#8221;default&#8221; global_colors_info=&#8221;{}&#8221;][et_pb_social_media_follow icon_color=&#8221;#000000&#8243; _builder_version=&#8221;4.27.4&#8243; _module_preset=&#8221;default&#8221; text_orientation=&#8221;center&#8221; custom_margin=&#8221;||||false|false&#8221; border_radii=&#8221;on|100px|100px|100px|100px&#8221; locked=&#8221;off&#8221; global_colors_info=&#8221;{}&#8221;][et_pb_social_media_follow_network social_network=&#8221;facebook&#8221; url=&#8221;https:\/\/www.facebook.com\/aakavasto&#8221; _builder_version=&#8221;4.27.4&#8243; _module_preset=&#8221;default&#8221; background_color=&#8221;gcid-11d3dbbb-f6dc-4fb8-929b-9d6994368d00&#8243; background_enable_color=&#8221;on&#8221; custom_padding=&#8221;8px|8px|8px|8px|true|true&#8221; global_colors_info=&#8221;{%22gcid-11d3dbbb-f6dc-4fb8-929b-9d6994368d00%22:%91%22background_color%22%93}&#8221; follow_button=&#8221;off&#8221; url_new_window=&#8221;on&#8221;]facebook[\/et_pb_social_media_follow_network][et_pb_social_media_follow_network social_network=&#8221;instagram&#8221; url=&#8221;https:\/\/www.instagram.com\/asianajaja_kavasto\/&#8221; _builder_version=&#8221;4.27.4&#8243; _module_preset=&#8221;default&#8221; background_color=&#8221;gcid-11d3dbbb-f6dc-4fb8-929b-9d6994368d00&#8243; background_enable_color=&#8221;on&#8221; custom_padding=&#8221;8px|8px|8px|8px|true|true&#8221; global_colors_info=&#8221;{%22gcid-11d3dbbb-f6dc-4fb8-929b-9d6994368d00%22:%91%22background_color%22%93}&#8221; follow_button=&#8221;off&#8221; url_new_window=&#8221;on&#8221;]instagram[\/et_pb_social_media_follow_network][\/et_pb_social_media_follow][et_pb_divider color=&#8221;gcid-11d3dbbb-f6dc-4fb8-929b-9d6994368d00&#8243; _builder_version=&#8221;4.20.0&#8243; _module_preset=&#8221;default&#8221; custom_margin=&#8221;||0px||false|false&#8221; global_colors_info=&#8221;{%22gcid-11d3dbbb-f6dc-4fb8-929b-9d6994368d00%22:%91%22color%22%93}&#8221;][\/et_pb_divider][et_pb_text _builder_version=&#8221;4.27.4&#8243; _dynamic_attributes=&#8221;content&#8221; _module_preset=&#8221;35c4a4d4-7616-4442-8a81-fad5514fa110&#8243; text_text_color=&#8221;#FFFFFF&#8221; text_orientation=&#8221;center&#8221; locked=&#8221;off&#8221; global_colors_info=&#8221;{}&#8221;]@ET-DC@eyJkeW5hbWljIjp0cnVlLCJjb250ZW50IjoiY3VycmVudF9kYXRlIiwic2V0dGluZ3MiOnsiYmVmb3JlIjoiQ29weXJpZ2h0ICZjb3B5OyAiLCJhZnRlciI6IiBBc2lhbmFqb3RvaW1pc3RvIEthdmFzdG8uIEFsbCBSaWdodHMgUmVzZXJ2ZWQuIiwiZGF0ZV9mb3JtYXQiOiJjdXN0b20iLCJjdXN0b21fZGF0ZV9mb3JtYXQiOiJZIn19@[\/et_pb_text][\/et_pb_column][\/et_pb_row][\/et_pb_section]<\/p>\n","protected":false},"excerpt":{"rendered":"<p>Asianajotoimisto KavastoPalkkioperusteetAlkuneuvottelu, toimeksiannon kartoittaminen maksimissaan 15 minuuttia puhelimitse 0 \u20ac, aika sovittava erikseen konsultaatiopuhelulle. Lopullinen hinta m\u00e4\u00e4r\u00e4ytyy toimeksiannon laajuuden ja toimenpiteiden m\u00e4\u00e4r\u00e4n mukaisesti. Lis\u00e4ksi asiakkaalta laskutetaan kulut ja rekisterimaksut, esimerkiksi avioehtosopimuksen kohdalla Digi- ja v\u00e4est\u00f6rekisterin maksu, ellei asiakas hoida rekister\u00f6inti\u00e4 itse.Asianajajan palkkio yksityishenkil\u00f6ille alkaen 240-260 \u20ac (alv 0%), 301,20-326,60 \u20ac (sis. alv 25,5%). Palkkio elinkeinonharjoittajan, [&hellip;]<\/p>\n","protected":false},"author":1,"featured_media":0,"parent":0,"menu_order":0,"comment_status":"closed","ping_status":"closed","template":"","meta":{"_et_pb_use_builder":"on","_et_pb_old_content":"","_et_gb_content_width":"","footnotes":""},"class_list":["post-315","page","type-page","status-publish","hentry"],"_links":{"self":[{"href":"http:\/\/www.kavasto.fi\/index.php?rest_route=\/wp\/v2\/pages\/315","targetHints":{"allow":["GET"]}}],"collection":[{"href":"http:\/\/www.kavasto.fi\/index.php?rest_route=\/wp\/v2\/pages"}],"about":[{"href":"http:\/\/www.kavasto.fi\/index.php?rest_route=\/wp\/v2\/types\/page"}],"author":[{"embeddable":true,"href":"http:\/\/www.kavasto.fi\/index.php?rest_route=\/wp\/v2\/users\/1"}],"replies":[{"embeddable":true,"href":"http:\/\/www.kavasto.fi\/index.php?rest_route=%2Fwp%2Fv2%2Fcomments&post=315"}],"version-history":[{"count":8,"href":"http:\/\/www.kavasto.fi\/index.php?rest_route=\/wp\/v2\/pages\/315\/revisions"}],"predecessor-version":[{"id":515,"href":"http:\/\/www.kavasto.fi\/index.php?rest_route=\/wp\/v2\/pages\/315\/revisions\/515"}],"wp:attachment":[{"href":"http:\/\/www.kavasto.fi\/index.php?rest_route=%2Fwp%2Fv2%2Fmedia&parent=315"}],"curies":[{"name":"wp","href":"https:\/\/api.w.org\/{rel}","templated":true}]}}